{"id":165,"date":"2024-03-28T17:14:04","date_gmt":"2024-03-28T16:14:04","guid":{"rendered":"https:\/\/talesbytheroadside.eu\/?page_id=165"},"modified":"2025-04-26T02:04:21","modified_gmt":"2025-04-26T00:04:21","slug":"kiedys-to-bylo","status":"publish","type":"page","link":"https:\/\/talesbytheroadside.eu\/?page_id=165","title":{"rendered":"Kiedy\u015b to by\u0142o!"},"content":{"rendered":"\n<div class=\"wp-block-group has-global-padding is-content-justification-center is-layout-constrained wp-container-core-group-is-layout-4f8bfad2 wp-block-group-is-layout-constrained\">\n<div class=\"wp-block-buttons is-content-justification-center is-layout-flex wp-container-core-buttons-is-layout-a89b3969 wp-block-buttons-is-layout-flex\">\n<div class=\"wp-block-button\"><a class=\"wp-block-button__link has-text-align-center wp-element-button\" href=\"https:\/\/talesbytheroadside.eu\/?cat=25\">KAPSU\u0141A CZASU<\/a><\/div>\n<\/div>\n<\/div>\n\n\n\n<div class=\"wp-block-group alignfull has-accent-background-color has-background has-global-padding is-layout-constrained wp-container-core-group-is-layout-669513ed wp-block-group-is-layout-constrained\" style=\"margin-top:0;margin-bottom:0;padding-top:var(--wp--preset--spacing--50);padding-right:var(--wp--preset--spacing--50);padding-bottom:var(--wp--preset--spacing--50);padding-left:var(--wp--preset--spacing--50)\">\n<div class=\"wp-block-columns alignwide is-layout-flex wp-container-core-columns-is-layout-1da03c2a wp-block-columns-is-layout-flex\">\n<div class=\"wp-block-column is-vertically-aligned-stretch is-layout-flow wp-block-column-is-layout-flow\" style=\"flex-basis:50%\">\n<div class=\"wp-block-group is-vertical is-content-justification-stretch is-layout-flex wp-container-core-group-is-layout-444d5ee8 wp-block-group-is-layout-flex\" style=\"min-height:100%\">\n<p class=\"has-heading-font-family has-x-large-font-size\" style=\"line-height:1.2\">2007 &#8211; 2012 to by\u0142y na prawd\u0119 dobre motocyklowe lata.<\/p>\n\n\n\n<p class=\"has-heading-font-family has-x-large-font-size\" style=\"line-height:1.2\">W tym miejscu znajdziesz troch\u0119 starsze opowie\u015bci&#8230; Te, kt\u00f3re przetrwa\u0142y pr\u00f3b\u0119 czasu. Trafi\u0105 si\u0119 te\u017c linki do artyku\u0142\u00f3w sprzed laty albo wycinki z gazet. <\/p>\n\n\n\n<p>Czasy, gdy nie by\u0142o tak bardzo popularnych motocykli ADV, wog\u00f3le nie kojarz\u0119, \u017ceby co\u015b takiego by\u0142o.. By\u0142a stara africa i ca\u0142a gama motycykli enduro. (od trampk\u00f3w po tdmki).. <\/p>\n\n\n\n<p><strong>I one&#8230;<\/strong> <\/p>\n\n\n\n<p>motocykle szosowo-turystyczne, kt\u00f3re ora\u0142y nienznane. Takim w\u0142a\u015bnie jest dziadek Fazer, kt\u00f3ry po srzeda\u017cy Virago 535, kiedy to wyja\u015bni\u0142o si\u0119 jaka jazda &#8222;to by\u0142o to&#8221; towarzyszy mi od 2011 roku.<\/p>\n\n\n\n<p>Przedzieraj\u0105c si\u0119 przez Zakarpacie, w 2012 roku, te\u017c nie wiedzia\u0142am (i bardzo si\u0119 z tego ciesz\u0119), \u017ce to nie takim motocyklem je\u017adzi si\u0119 po szutrach, kamieniach i piachu. \u017be to nie te opony, nie taki bie\u017cnik.  Cho\u0107 zdj\u0119cie, kt\u00f3re widzisz wygl\u0105da prawie jak z dzi\u015b.. a dodam, \u017ce nie by\u0142o wtedy super telefonosmartaparat\u00f3w. <\/p>\n\n\n\n<p>W tamtych czasach nie mia\u0142am te\u017c GPS z aktualn\u0105 map\u0105. Papierowe wersje wszyskich miejsc, kt\u00f3re odwiedzam lubi\u0119 zbiera\u0107 do tej pory, a w domowych szparga\u0142ach s\u0105 jeszcze zapiski z numerami dr\u00f3g, kt\u00f3rymi nale\u017cy jecha\u0107, \u017ceby si\u0119 nie zgubi\u0107&#8230;  <\/p>\n\n\n\n<p><strong>Proste&#8230;<\/strong> <\/p>\n\n\n\n<p>Je\u017adzi\u0142o si\u0119 tym, co si\u0119 mia\u0142o i tam gdzie si\u0119 da\u0142o. Motocykl, ciuchy, wory baga\u017cowe, nawet ten sam kask towarzysz\u0105 do dzi\u015b, cho\u0107 o ile dobrze pami\u0119tam kas chwilowo jest magazynowany u bulldozer.com.pl .<\/p>\n\n\n\n<p>Zapomnia\u0142abym o kazikowym tankbabku&#8230; pozby\u0142am si\u0119 go ca\u0142kiem niedawno, ale w to miejsce pojawi\u0142 si\u0119 inny&#8230; &#8222;kazikowy&#8221; tankbak. Szerokopoj\u0119te motocyklowanie to nie tylko sprz\u0119t do jazdy, to te\u017c ludzie&#8230;<\/p>\n\n\n\n<p>Cho\u0107 marzy\u0142am, marzy\u0142am, w owych czasach o drz400, ale jak ju\u017c wiemy marzenia si\u0119 spe\u0142niaj\u0105, tylko trzeba je w tym wesprzec&#8230; <\/p>\n\n\n\n<div class=\"wp-block-group has-global-padding is-content-justification-left is-layout-constrained wp-container-core-group-is-layout-9fe8ed88 wp-block-group-is-layout-constrained\">\n<p class=\"wp-container-content-0733e5d0\"><\/p>\n<\/div>\n<\/div>\n<\/div>\n\n\n\n<div class=\"wp-block-column is-vertically-aligned-center is-layout-flow wp-block-column-is-layout-flow\" style=\"flex-basis:50%\">\n<figure class=\"wp-block-gallery has-nested-images columns-default is-cropped wp-block-gallery-2 is-layout-flex wp-block-gallery-is-layout-flex\">\n<figure class=\"wp-block-image size-large is-style-default wp-duotone-unset-1\"><img loading=\"lazy\" decoding=\"async\" width=\"768\" height=\"1024\" data-id=\"167\" src=\"https:\/\/talesbytheroadside.eu\/wp-content\/uploads\/2024\/03\/zakarpacie-768x1024.jpg\" alt=\"\" class=\"wp-image-167\" style=\"aspect-ratio:3\/4;object-fit:cover\" srcset=\"https:\/\/talesbytheroadside.eu\/wp-content\/uploads\/2024\/03\/zakarpacie-768x1024.jpg 768w, https:\/\/talesbytheroadside.eu\/wp-content\/uploads\/2024\/03\/zakarpacie-225x300.jpg 225w, https:\/\/talesbytheroadside.eu\/wp-content\/uploads\/2024\/03\/zakarpacie-1152x1536.jpg 1152w, https:\/\/talesbytheroadside.eu\/wp-content\/uploads\/2024\/03\/zakarpacie.jpg 1200w\" sizes=\"auto, (max-width: 768px) 100vw, 768px\" \/><\/figure>\n<\/figure>\n<\/div>\n<\/div>\n<\/div>\n\n\n\n<div class=\"wp-block-group alignfull has-base-background-color has-background has-global-padding is-layout-constrained wp-container-core-group-is-layout-d89aad35 wp-block-group-is-layout-constrained\" style=\"margin-top:0;margin-bottom:0;padding-top:var(--wp--preset--spacing--50);padding-right:var(--wp--preset--spacing--50);padding-bottom:var(--wp--preset--spacing--50);padding-left:var(--wp--preset--spacing--50)\">\n<div class=\"wp-block-columns alignwide is-layout-flex wp-container-core-columns-is-layout-549b0c86 wp-block-columns-is-layout-flex\">\n<div class=\"wp-block-column is-layout-flow wp-container-core-column-is-layout-119bc444 wp-block-column-is-layout-flow\" style=\"flex-basis:60%\">\n<p class=\"has-heading-font-family has-x-large-font-size\" style=\"line-height:1.2\">Linki do publikacji!<\/p>\n\n\n\n<p class=\"wp-container-content-9cfa9a5a\"><a href=\"https:\/\/motovoyager.net\/podroze\/wyprawy\/strzepki-z-podrozy-dotknac-skandynawii-czyli-samotna-wyprawa-motocyklem-po-norwegii\/\">Strz\u0119pki z podr\u00f3\u017cy \u2013 dotkn\u0105\u0107 Skandynawii, czyli samotna wyprawa motocyklem po Norwegii | Artyku\u0142 &#8211; Motovoyager<\/a><\/p>\n\n\n\n<p><a href=\"https:\/\/motovoyager.net\/podroze\/wyprawy\/spokoj-u-podnoza-olimpu-czyli-motocyklem-po-grecji-co-zobaczyc-zwiedzic-gdzie-pojechac\/\">Spok\u00f3j u podn\u00f3\u017ca Olimpu czyli motocyklem po Grecji [co zobaczy\u0107, zwiedzi\u0107, gdzie pojecha\u0107] | Artyku\u0142 &#8211; Motovoyager<\/a><\/p>\n\n\n\n<p><a href=\"https:\/\/www.motocaina.pl\/artykul\/motocykl-sposobem-na-zycie-opowiesc-fryty-1807.html\">Motocykl sposobem na \u017cycie &#8211; opowie\u015b\u0107 Fryty | Motocaina.pl<\/a><\/p>\n\n\n\n<p><a href=\"https:\/\/www.motocaina.pl\/artykul\/slalomem-przez-polske-na-motocyklu-1950.html\">Slalomem przez Polsk\u0119 na motocyklu | Motocaina.pl<\/a><\/p>\n\n\n\n<p><a href=\"https:\/\/www.motocaina.pl\/artykul\/slalomem-przez-polske-na-motocyklu-czesc-druga-4123.html\">Slalomem przez Polsk\u0119 na motocyklu \u2013 cz\u0119\u015b\u0107 druga | Motocaina.pl<\/a><\/p>\n\n\n\n<p><a href=\"https:\/\/www.motocaina.pl\/artykul\/zakarpacie-na-yamaha-fazer-relacja-informator-i-galeria-karoliny-dudzik-4580.html\">Zakarpacie na Yamaha Fazer &#8211; relacja, informator i galeria Karoliny Dudzik | Motocaina.pl<\/a><\/p>\n\n\n\n<p><a href=\"https:\/\/www.motocaina.pl\/artykul\/motocyklowe-500-kilometrow-z-wybrzeza-do-siecieborzyc-200045.html\">Motocyklowe 500 kilometr\u00f3w &#8211; z wybrze\u017ca do Siecieborzyc | Motocaina.pl<\/a><\/p>\n\n\n\n<p><a href=\"https:\/\/www.motocaina.pl\/artykul\/z-wybrzeza-do-bytowa-jednosladem-1860.html\">Z wybrze\u017ca do Bytowa jedno\u015bladem | Motocaina.pl<\/a><\/p>\n\n\n\n<p><a href=\"https:\/\/www.motocaina.pl\/artykul\/motocyklowy-weekend-w-gorach-2175.html\">Motocyklowy weekend w g\u00f3rach | Motocaina.pl<\/a><\/p>\n\n\n\n<p><a href=\"https:\/\/www.motocaina.pl\/artykul\/z-choppera-na-enduro-moto-magnus-corda-1895.html\">Z choppera na enduro Moto Magnus Corda | Motocaina.pl<\/a><\/p>\n<\/div>\n<\/div>\n\n\n\n<div class=\"wp-block-group alignwide is-layout-flow wp-block-group-is-layout-flow\" style=\"padding-top:var(--wp--preset--spacing--50);padding-bottom:var(--wp--preset--spacing--50)\">\n<hr class=\"wp-block-separator has-alpha-channel-opacity is-style-wide\"\/>\n\n\n\n<div class=\"wp-block-columns is-layout-flex wp-container-core-columns-is-layout-633352e7 wp-block-columns-is-layout-flex\" style=\"padding-top:var(--wp--preset--spacing--10)\">\n<div class=\"wp-block-column is-layout-flow wp-block-column-is-layout-flow\" style=\"flex-basis:57%\">\n<p style=\"text-align: justify\">W czasach ciasteczek, nie mam wp\u0142ywu na to co dzieje si\u0119 na zapleczu w silniku strony, czy przegl\u0105darki albo urz\u0105dze\u0144 z kt\u00f3rych korzystasz, ale osobi\u015bcie nie gromadz\u0119 i nie wykorzystuj\u0119 Twoich danych. Nie gromad\u017a i nie wykorzystuj moich. Cytaty, zdj\u0119cia i co nie moje publikuj\u0119 z poszanowaniem autora. Teksty na stronie s\u0105 moj\u0105 w\u0142asno\u015bci\u0105, Chcesz je wykorzysta\u0107? \u015amia\u0142o, ale nie zapomnij doda\u0107, kto jest autorem.<\/p>\n<\/div>\n\n\n\n<div class=\"wp-block-column is-layout-flow wp-block-column-is-layout-flow\" style=\"flex-basis:30%\">\n<div class=\"wp-block-group is-vertical is-layout-flex wp-container-core-group-is-layout-ea0cb840 wp-block-group-is-layout-flex\">\n<h3 class=\"wp-block-heading has-body-font-family has-medium-font-size\"><strong>Obserwuj<\/strong><\/h3>\n<\/div>\n\n\n\n<ul class=\"wp-block-social-links is-layout-flex wp-block-social-links-is-layout-flex\"><li class=\"wp-social-link wp-social-link-facebook  wp-block-social-link\"><a href=\"https:\/\/www.facebook.com\/opowiesciprzydroznicze\" class=\"wp-block-social-link-anchor\"><svg width=\"24\" height=\"24\" viewBox=\"0 0 24 24\" version=\"1.1\" xmlns=\"http:\/\/www.w3.org\/2000\/svg\" aria-hidden=\"true\" focusable=\"false\"><path d=\"M12 2C6.5 2 2 6.5 2 12c0 5 3.7 9.1 8.4 9.9v-7H7.9V12h2.5V9.8c0-2.5 1.5-3.9 3.8-3.9 1.1 0 2.2.2 2.2.2v2.5h-1.3c-1.2 0-1.6.8-1.6 1.6V12h2.8l-.4 2.9h-2.3v7C18.3 21.1 22 17 22 12c0-5.5-4.5-10-10-10z\"><\/path><\/svg><span class=\"wp-block-social-link-label screen-reader-text\">Facebook<\/span><\/a><\/li>\n\n<li class=\"wp-social-link wp-social-link-instagram  wp-block-social-link\"><a href=\"https:\/\/www.instagram.com\/tales_by_the_roadside\" class=\"wp-block-social-link-anchor\"><svg width=\"24\" height=\"24\" viewBox=\"0 0 24 24\" version=\"1.1\" xmlns=\"http:\/\/www.w3.org\/2000\/svg\" aria-hidden=\"true\" focusable=\"false\"><path d=\"M12,4.622c2.403,0,2.688,0.009,3.637,0.052c0.877,0.04,1.354,0.187,1.671,0.31c0.42,0.163,0.72,0.358,1.035,0.673 c0.315,0.315,0.51,0.615,0.673,1.035c0.123,0.317,0.27,0.794,0.31,1.671c0.043,0.949,0.052,1.234,0.052,3.637 s-0.009,2.688-0.052,3.637c-0.04,0.877-0.187,1.354-0.31,1.671c-0.163,0.42-0.358,0.72-0.673,1.035 c-0.315,0.315-0.615,0.51-1.035,0.673c-0.317,0.123-0.794,0.27-1.671,0.31c-0.949,0.043-1.233,0.052-3.637,0.052 s-2.688-0.009-3.637-0.052c-0.877-0.04-1.354-0.187-1.671-0.31c-0.42-0.163-0.72-0.358-1.035-0.673 c-0.315-0.315-0.51-0.615-0.673-1.035c-0.123-0.317-0.27-0.794-0.31-1.671C4.631,14.688,4.622,14.403,4.622,12 s0.009-2.688,0.052-3.637c0.04-0.877,0.187-1.354,0.31-1.671c0.163-0.42,0.358-0.72,0.673-1.035 c0.315-0.315,0.615-0.51,1.035-0.673c0.317-0.123,0.794-0.27,1.671-0.31C9.312,4.631,9.597,4.622,12,4.622 M12,3 C9.556,3,9.249,3.01,8.289,3.054C7.331,3.098,6.677,3.25,6.105,3.472C5.513,3.702,5.011,4.01,4.511,4.511 c-0.5,0.5-0.808,1.002-1.038,1.594C3.25,6.677,3.098,7.331,3.054,8.289C3.01,9.249,3,9.556,3,12c0,2.444,0.01,2.751,0.054,3.711 c0.044,0.958,0.196,1.612,0.418,2.185c0.23,0.592,0.538,1.094,1.038,1.594c0.5,0.5,1.002,0.808,1.594,1.038 c0.572,0.222,1.227,0.375,2.185,0.418C9.249,20.99,9.556,21,12,21s2.751-0.01,3.711-0.054c0.958-0.044,1.612-0.196,2.185-0.418 c0.592-0.23,1.094-0.538,1.594-1.038c0.5-0.5,0.808-1.002,1.038-1.594c0.222-0.572,0.375-1.227,0.418-2.185 C20.99,14.751,21,14.444,21,12s-0.01-2.751-0.054-3.711c-0.044-0.958-0.196-1.612-0.418-2.185c-0.23-0.592-0.538-1.094-1.038-1.594 c-0.5-0.5-1.002-0.808-1.594-1.038c-0.572-0.222-1.227-0.375-2.185-0.418C14.751,3.01,14.444,3,12,3L12,3z M12,7.378 c-2.552,0-4.622,2.069-4.622,4.622S9.448,16.622,12,16.622s4.622-2.069,4.622-4.622S14.552,7.378,12,7.378z M12,15 c-1.657,0-3-1.343-3-3s1.343-3,3-3s3,1.343,3,3S13.657,15,12,15z M16.804,6.116c-0.596,0-1.08,0.484-1.08,1.08 s0.484,1.08,1.08,1.08c0.596,0,1.08-0.484,1.08-1.08S17.401,6.116,16.804,6.116z\"><\/path><\/svg><span class=\"wp-block-social-link-label screen-reader-text\">Instagram<\/span><\/a><\/li><\/ul>\n\n\n\n<p><strong>Rozszyfruj i pisz<\/strong><\/p>\n\n\n\n<p>contact malpa talesbytherodise eu <\/p>\n<\/div>\n\n\n\n<div class=\"wp-block-column is-layout-flow wp-block-column-is-layout-flow\" style=\"flex-basis:30%\">\n<div class=\"wp-block-columns is-not-stacked-on-mobile is-layout-flex wp-container-core-columns-is-layout-28f84493 wp-block-columns-is-layout-flex\">\n<div class=\"wp-block-column is-layout-flow wp-block-column-is-layout-flow\">\n<div class=\"wp-block-group is-vertical is-layout-flex wp-container-core-group-is-layout-ea0cb840 wp-block-group-is-layout-flex\">\n<h3 class=\"wp-block-heading has-body-font-family has-medium-font-size\"><strong>Wpadnij do przyjaci\u00f3\u0142<\/strong><\/h3>\n\n\n\n<p><a href=\"https:\/\/bulldozer.com.pl\/\">bulldozer.com.pl<\/a><\/p>\n\n\n\n<p><a href=\"http:\/\/piknikwsakwach.pl\/\" data-type=\"link\" data-id=\"http:\/\/piknikwsakwach.pl\/\" target=\"_blank\" rel=\"noreferrer noopener\">piknikwsakwach.pl<\/a><\/p>\n\n\n\n<p><a href=\"https:\/\/balticboulder.pl\/\" data-type=\"link\" data-id=\"https:\/\/balticboulder.pl\/\" target=\"_blank\" rel=\"noreferrer noopener\">balticboulder.pl<\/a><\/p>\n<\/div>\n<\/div>\n<\/div>\n<\/div>\n<\/div>\n\n\n\n<div class=\"wp-block-group is-content-justification-space-between is-layout-flex wp-container-core-group-is-layout-e5edad21 wp-block-group-is-layout-flex\">\n<div class=\"wp-block-group is-layout-flex wp-container-core-group-is-layout-fe1ad1e6 wp-block-group-is-layout-flex\">\n<p class=\"has-small-font-size\">\u00a9<\/p>\n\n\n<p style=\"font-style:normal;font-weight:400;\" class=\"wp-block-site-title has-small-font-size\"><a href=\"https:\/\/talesbytheroadside.eu\" target=\"_self\" rel=\"home\">tales_by_the_roadside<\/a><\/p><\/div>\n<\/div>\n<\/div>\n<\/div>\n\n\n\n<p><\/p>\n","protected":false},"excerpt":{"rendered":"<p>2007 &#8211; 2012 to by\u0142y na prawd\u0119 dobre motocyklowe lata. W tym miejscu znajdziesz troch\u0119 starsze opowie\u015bci&#8230; Te, kt\u00f3re przetrwa\u0142y pr\u00f3b\u0119 czasu. Trafi\u0105 si\u0119 te\u017c linki do artyku\u0142\u00f3w sprzed laty albo wycinki z gazet. Czasy, gdy nie by\u0142o tak bardzo popularnych motocykli ADV, wog\u00f3le nie kojarz\u0119, \u017ceby co\u015b takiego by\u0142o.. By\u0142a stara africa i ca\u0142a [&hellip;]<\/p>\n","protected":false},"author":1,"featured_media":0,"parent":0,"menu_order":0,"comment_status":"closed","ping_status":"closed","template":"","meta":{"footnotes":""},"class_list":["post-165","page","type-page","status-publish","hentry"],"_links":{"self":[{"href":"https:\/\/talesbytheroadside.eu\/index.php?rest_route=\/wp\/v2\/pages\/165","targetHints":{"allow":["GET"]}}],"collection":[{"href":"https:\/\/talesbytheroadside.eu\/index.php?rest_route=\/wp\/v2\/pages"}],"about":[{"href":"https:\/\/talesbytheroadside.eu\/index.php?rest_route=\/wp\/v2\/types\/page"}],"author":[{"embeddable":true,"href":"https:\/\/talesbytheroadside.eu\/index.php?rest_route=\/wp\/v2\/users\/1"}],"replies":[{"embeddable":true,"href":"https:\/\/talesbytheroadside.eu\/index.php?rest_route=%2Fwp%2Fv2%2Fcomments&post=165"}],"version-history":[{"count":19,"href":"https:\/\/talesbytheroadside.eu\/index.php?rest_route=\/wp\/v2\/pages\/165\/revisions"}],"predecessor-version":[{"id":551,"href":"https:\/\/talesbytheroadside.eu\/index.php?rest_route=\/wp\/v2\/pages\/165\/revisions\/551"}],"wp:attachment":[{"href":"https:\/\/talesbytheroadside.eu\/index.php?rest_route=%2Fwp%2Fv2%2Fmedia&parent=165"}],"curies":[{"name":"wp","href":"https:\/\/api.w.org\/{rel}","templated":true}]}}